{"id":3,"date":"2021-08-31T15:04:18","date_gmt":"2021-08-31T15:04:18","guid":{"rendered":"https:\/\/appbakery.it\/news\/it\/?page_id=3"},"modified":"2025-03-25T11:14:34","modified_gmt":"2025-03-25T10:14:34","slug":"privacy-policy","status":"publish","type":"page","link":"https:\/\/www.ceoforlifeawards.com\/it\/privacy-policy\/","title":{"rendered":"Privacy Policy"},"content":{"rendered":"\t\t<div data-elementor-type=\"wp-page\" data-elementor-id=\"3\" class=\"elementor elementor-3\" data-elementor-post-type=\"page\">\n\t\t\t\t\t\t<section class=\"has_eae_slider elementor-section elementor-top-section elementor-element elementor-element-65cd7002 elementor-section-boxed elementor-section-height-default elementor-section-height-default\" data-id=\"65cd7002\" data-element_type=\"section\">\n\t\t\t\t\t\t<div class=\"elementor-container elementor-column-gap-default\">\n\t\t\t\t\t<div class=\"has_eae_slider elementor-column elementor-col-100 elementor-top-column elementor-element elementor-element-c76ba87\" data-id=\"c76ba87\" data-element_type=\"column\">\n\t\t\t<div class=\"elementor-widget-wrap elementor-element-populated\">\n\t\t\t\t\t\t<div class=\"elementor-element elementor-element-4d7e6f1c elementor-widget elementor-widget-text-editor\" data-id=\"4d7e6f1c\" data-element_type=\"widget\" data-widget_type=\"text-editor.default\">\n\t\t\t\t<div class=\"elementor-widget-container\">\n\t\t\t<style>\/*! elementor - v3.21.0 - 20-05-2024 *\/\n.elementor-widget-text-editor.elementor-drop-cap-view-stacked .elementor-drop-cap{background-color:#69727d;color:#fff}.elementor-widget-text-editor.elementor-drop-cap-view-framed .elementor-drop-cap{color:#69727d;border:3px solid;background-color:transparent}.elementor-widget-text-editor:not(.elementor-drop-cap-view-default) .elementor-drop-cap{margin-top:8px}.elementor-widget-text-editor:not(.elementor-drop-cap-view-default) .elementor-drop-cap-letter{width:1em;height:1em}.elementor-widget-text-editor .elementor-drop-cap{float:left;text-align:center;line-height:1;font-size:50px}.elementor-widget-text-editor .elementor-drop-cap-letter{display:inline-block}<\/style>\t\t\t\t<h2><strong>Titolare del trattamento<\/strong><\/h2>\n<p>I Suoi dati saranno trattati, in qualit\u00e0 di Titolare del trattamento da:<\/p>\n<p>GFA GENERAL MANAGEMENT S.R.L., con sede legale in MILANO (MI) VIALE SABOTINO 19\/2 CAP 20135 Numero REA MI \u2013 2584908 Codice fiscale e n.iscr. al Registro Imprese 11182700960 in persona del Legale Rappresentante p.t. (di seguito per brevit\u00e0 GFA), ai sensi e per gli effetti dell\u2019articolo 13 del D.Lgs. 30 giugno 2003, n. 196 (di seguito, il \u201cCodice privacy\u201c), nonch\u00e9 dell\u2019art. 13 del Regolamento UE 679\/2016 (di seguito, il \u201cRegolamento privacy\u201c), e successive modificazioni ed integrazioni.<\/p>\n<p>GFA garantisce che il trattamento dei dati \u00e8 conforme a quanto previsto dal reg.\u00a02016\/679.<\/p>\n<p>La GFA effettua alcune operazioni di trattamento dei dati personali inviati tramite e-mail o moduli elettronici; quanto inviato al nostro indirizzo email (richieste, suggerimenti, idee, informazioni, materiali ecc.) o al nostro server non sar\u00e0 considerato informazione o dato confidenziale, non dovr\u00e0 violare i diritti altrui e dovr\u00e0 contenere informazioni valide, da non violare diritti altrui ed essere veritieri, in ogni caso la GFA non pu\u00f2 essere ritenuta responsabile del contenuto dei messaggi.<\/p>\n<p>Tali attivit\u00e0 sono necessarie per soddisfare richieste, suggerimenti e per tutti gli scopi commerciali, fiscali, amministrativi e informativi sulla nostra attivit\u00e0.<\/p>\n<p>Al riguardo, ai sensi e per gli effetti dell\u2019art.\u00a013 del Reg.\u00a0UE 2016\/679 (regolamento sul trattamento dei dati personali), informative specifiche potrebbero essere presentate nelle altre pagine del sito www.ceoforlifeawards.com in relazione a particolari servizi o trattamenti dei dati forniti dall\u2019Utente o dall\u2019Interessato e nelle medesime sedi saranno raccolti i consensi opportuni (ove necessario).<\/p>\n<p><strong>\u00a0<\/strong><\/p>\n<h3><strong>Premessa<\/strong><\/h3>\n<p>La GFA rispetta la privacy dei propri utenti e si impegna a proteggere i dati personali che gli stessi gli conferiscono. La raccolta ed il trattamento di dati personali avvengono quando necessarie in relazione all\u2019esecuzione di servizi richiesti dall\u2019utente, o quando l\u2019utente stesso decide di comunicare i propri dati personali: in tali circostanze, la presente privacy policy illustra le modalit\u00e0 ed i caratteri di raccolta e trattamento dei dati personali dell\u2019utente.<\/p>\n<p><strong>\u00a0<\/strong><\/p>\n<h3><strong>Obiettivi<\/strong><\/h3>\n<p>La GFA anche mediante i suoi Eventi online, si prefigge di mostrare e condividere come le grandi realt\u00e0 aziendali i principi di INCLUSIONE e SOSTENIBILIT\u00c0 ambientale al fine di dare forma a un futuro migliore.<\/p>\n<p>Questo sar\u00e0 possibile anche attraverso il programma di incontri annuali del Progetto denominato \u201cCEOforLIFE\u201d, nel corso del quale i CEO partecipanti potranno esprimere e condividere le proprie storie, promuovere i propri progetti, idee e pensieri alla presenza di una straordinaria e prestigiosa platea di stakeholder (Istituzioni, CEO, Media, ecc.).<\/p>\n<p>\u00a0<\/p>\n<h3><strong>Modifiche e integrazioni<\/strong><\/h3>\n<p>In futuro potranno essere introdotte delle modifiche alla presente informativa. Queste, al fine di assicurare il costante rispetto delle norme di legge applicabili, verranno pubblicate sul presente sito internet nella sezione Privacy Policy. Invitiamo gli Utenti a leggere attentamente le regole che applichiamo, per la raccolta e il trattamento dei loro dati personali e per continuare a fornire un servizio soddisfacente e altamente dedicato.<\/p>\n<p>\u00a0<\/p>\n<h3><strong>Trattamento dei Dati Personali<\/strong><\/h3>\n<p>Il trattamento dei dati personali sar\u00e0 effettuato mediante la raccolta, elaborazione e confronto dei dati dell\u2019Utente e mediante l\u2019utilizzo di strumenti informatici o telematici per i quali sono impiegate misure di sicurezza idonee a garantirne la riservatezza ed evitare l\u2019accesso indebito agli stessi da parte di terzi o di soggetti non autorizzati.<\/p>\n<p>Per \u201cUtente\u201d si intendono sia i soggetti persone fisiche che giuridiche (che, accedono al sito https\/www.ceoforlifeawards.com (di seguito, il \u201cSito\u201d) e, che utilizzando i servizi e i form in esso contenuti, condividono dati personali riferibili a persone fisiche.<\/p>\n<p>\u00a0<\/p>\n<h4><strong>Finalit\u00e0 Del Trattamento<\/strong><\/h4>\n<ol>\n<li>a) Permettere la Navigazione sul presente Sito internet e la gestione tecnica delle connessioni allo stesso. I sistemi informatici e le procedure software preposte al funzionamento di questo Sito acquisiscono, nel normale esercizio, alcuni dati personali che vengono trasmessi implicitamente nell\u2019uso dei protocolli di comunicazione Internet. Questi dati vengono utilizzati solo per informazioni di tipo statistico (quindi solo in forma anonima) e per controllare il corretto funzionamento del Sito.<\/li>\n<li>b) Rispondere alle richieste di informazioni effettuate da clienti\/utenti in merito ai servizi proposti dal titolare del trattamento e per tutte le attivit\u00e0 di comunicazione sempre legate a dare risposta alle richieste di contatto.<\/li>\n<\/ol>\n<p>I dati richiesti per le finalit\u00e0 indicate sono necessari per poter permettere la navigazione sul sito e per dare seguito alle richieste di informazioni, offerte\/aggiornamenti del soggetto interessato.<\/p>\n<p>L\u2019eventuale mancato conferimento dei dati di cui alle finalit\u00e0 b) da parte del soggetto interessato ha come unico effetto l\u2019impossibilit\u00e0 di inviare e\/o ricevere riscontro alla richiesta di contatto e\/o offerta.<\/p>\n<p>I Dati forniti saranno conservati per un periodo di tempo non superiore a quello necessario agli scopi per i quali sono stati raccolti e trattati e comunque non oltre i 12 mesi.<\/p>\n<p>La base giuridica e liceit\u00e0 del trattamento si pu\u00f2 individuare negli obblighi contrattuali o precontrattuali connessi alla fornitura di un servizio o al dare risposta a richieste del soggetto interessato. (art. 6 lett. b GDPR 679\/16).<\/p>\n<p>I dati forniti potranno essere trattati per la tutela di interessi legittimi del titolare tra cui in particolare la difesa in giudizio. Anche in questo si applicheranno i principi di necessit\u00e0, proporzionalit\u00e0 e non eccedenza.<\/p>\n<p>\u00a0<\/p>\n<h3><strong>Diffusione, eventuali destinatari o categorie di destinatari dei dati<\/strong><\/h3>\n<p>Nessun dato sar\u00e0 in alcun modo diffuso.<\/p>\n<p>I dati forniti saranno trattati esclusivamente da persone autorizzate al trattamento ed opportunamente istruite, oltre che tramite responsabili del trattamento legati al titolare da specifico contratto ad esempio: societ\u00e0 che forniscono servizi per la gestione del sistema informatico e delle reti di telecomunicazioni.\u00a0\u00a0\u00a0\u00a0\u00a0\u00a0<\/p>\n<p>I dati non saranno comunque trasferiti fuori dal territorio UE.<\/p>\n<p>I dati potranno altres\u00ec essere comunicati a soggetti Terzi (Enti Pubblici, Forze di Polizia), ma esclusivamente al fine di adempiere ad obblighi di legge, o di regolamento o normativa comunitaria.<\/p>\n<p>\u00a0<\/p>\n<h3><strong>Tipologia dei dati e modalit\u00e0 di raccolta<\/strong><\/h3>\n<p>Il Titolare tratter\u00e0 i dati personali identificativi dell\u2019utente (mail, nome e cognome, azienda di riferimento, job title, telefono) che verranno acquisiti mediante compilazione dei form presenti sul sito web o mediante moduli di contatto.<\/p>\n<p>Qualora vi siano aziende che nella compilazione dei form, di cui al presente sito, comunichi al Titolare Dati Personali di terzi tra i quali propri dipendenti o altro, sar\u00e0 responsabile della loro provenienza, raccolta, trattamento, comunicazione o diffusione.<\/p>\n<p>Il trattamento dei dati personali degli Utenti, contenuti negli archivi, anche elettronici del sito e, gestiti eventualmente anche attraverso servizi di terze parti, avverr\u00e0 con modalit\u00e0 manuali o elettroniche idonee a garantirne, in relazione alle finalit\u00e0 per le quali essi sono stati comunicati e raccolti, la sicurezza e la riservatezza, nonch\u00e9 ad evitare accessi non autorizzati ai dati stessi, per il tempo strettamente necessario a conseguire gli scopi per cui sono stati raccolti.<\/p>\n<p><strong>\u00a0<\/strong><\/p>\n<h3><strong>DIRITTI DELL\u2019INTERESSATO<\/strong><\/h3>\n<p>Ai sensi degli Artt. 15, 16, 17, 18, 19, 20, 21 e 77 del GDPR la informiamo dell\u2019esistenza di diritto di accesso ai dati personali, di rettifica, di cancellazione ed eventualmente all\u2019oblio, di limitazione di trattamento, di portabilit\u00e0 dei dati e di opposizione in qualsiasi momento al trattamento dei dati personali che La riguardano.<\/p>\n<p>La informiamo, inoltre, che Lei ha il diritto di revocare il consenso al trattamento dei Suoi dati in qualsiasi momento, senza pregiudicare la liceit\u00e0 del trattamento basata sul consenso prestato prima della revoca (art. 7, comma 3, del GDPR).<\/p>\n<p>Ai sensi dell\u2019art. 77 del Regolamento, Le \u00e8 riconosciuto il diritto di proporre reclamo ad un\u2019autorit\u00e0 di controllo, segnatamente nello Stato membro in cui risiede abitualmente, lavora oppure nel luogo ove si \u00e8 verificata la presunta violazione.<\/p>\t\t\t\t\t\t<\/div>\n\t\t\t\t<\/div>\n\t\t\t\t\t<\/div>\n\t\t<\/div>\n\t\t\t\t\t<\/div>\n\t\t<\/section>\n\t\t\t\t<\/div>\n\t\t","protected":false},"excerpt":{"rendered":"<p>Titolare del trattamento I Suoi dati saranno trattati, in qualit\u00e0 di Titolare del trattamento da: GFA GENERAL MANAGEMENT S.R.L., con sede legale in MILANO (MI) VIALE SABOTINO 19\/2 CAP 20135 Numero REA MI \u2013 2584908 Codice fiscale e n.iscr. al Registro Imprese 11182700960 in persona del Legale Rappresentante p.t. (di seguito per brevit\u00e0 GFA), ai [&hellip;]<\/p>\n","protected":false},"author":1,"featured_media":0,"parent":0,"menu_order":0,"comment_status":"closed","ping_status":"open","template":"","meta":[],"yoast_head":"<!-- This site is optimized with the Yoast SEO plugin v18.7 - https:\/\/yoast.com\/wordpress\/plugins\/seo\/ -->\n<title>Privacy Policy - CEOforLIFE - IT<\/title>\n<meta name=\"robots\" content=\"index, follow, max-snippet:-1, max-image-preview:large, max-video-preview:-1\" \/>\n<link rel=\"canonical\" href=\"https:\/\/www.ceoforlifeawards.com\/it\/privacy-policy\/\" \/>\n<meta property=\"og:locale\" content=\"it_IT\" \/>\n<meta property=\"og:type\" content=\"article\" \/>\n<meta property=\"og:title\" content=\"Privacy Policy - CEOforLIFE - IT\" \/>\n<meta property=\"og:description\" content=\"Titolare del trattamento I Suoi dati saranno trattati, in qualit\u00e0 di Titolare del trattamento da: GFA GENERAL MANAGEMENT S.R.L., con sede legale in MILANO (MI) VIALE SABOTINO 19\/2 CAP 20135 Numero REA MI \u2013 2584908 Codice fiscale e n.iscr. al Registro Imprese 11182700960 in persona del Legale Rappresentante p.t. (di seguito per brevit\u00e0 GFA), ai [&hellip;]\" \/>\n<meta property=\"og:url\" content=\"https:\/\/www.ceoforlifeawards.com\/it\/privacy-policy\/\" \/>\n<meta property=\"og:site_name\" content=\"CEOforLIFE - IT\" \/>\n<meta property=\"article:modified_time\" content=\"2025-03-25T10:14:34+00:00\" \/>\n<meta name=\"twitter:card\" content=\"summary_large_image\" \/>\n<meta name=\"twitter:label1\" content=\"Tempo di lettura stimato\" \/>\n\t<meta name=\"twitter:data1\" content=\"7 minuti\" \/>\n<script type=\"application\/ld+json\" class=\"yoast-schema-graph\">{\"@context\":\"https:\/\/schema.org\",\"@graph\":[{\"@type\":\"WebSite\",\"@id\":\"https:\/\/www.ceoforlifeawards.com\/it\/#website\",\"url\":\"https:\/\/www.ceoforlifeawards.com\/it\/\",\"name\":\"CEOforLIFE - IT\",\"description\":\"\",\"potentialAction\":[{\"@type\":\"SearchAction\",\"target\":{\"@type\":\"EntryPoint\",\"urlTemplate\":\"https:\/\/www.ceoforlifeawards.com\/it\/?s={search_term_string}\"},\"query-input\":\"required name=search_term_string\"}],\"inLanguage\":\"it-IT\"},{\"@type\":\"WebPage\",\"@id\":\"https:\/\/www.ceoforlifeawards.com\/it\/privacy-policy\/#webpage\",\"url\":\"https:\/\/www.ceoforlifeawards.com\/it\/privacy-policy\/\",\"name\":\"Privacy Policy - CEOforLIFE - IT\",\"isPartOf\":{\"@id\":\"https:\/\/www.ceoforlifeawards.com\/it\/#website\"},\"datePublished\":\"2021-08-31T15:04:18+00:00\",\"dateModified\":\"2025-03-25T10:14:34+00:00\",\"breadcrumb\":{\"@id\":\"https:\/\/www.ceoforlifeawards.com\/it\/privacy-policy\/#breadcrumb\"},\"inLanguage\":\"it-IT\",\"potentialAction\":[{\"@type\":\"ReadAction\",\"target\":[\"https:\/\/www.ceoforlifeawards.com\/it\/privacy-policy\/\"]}]},{\"@type\":\"BreadcrumbList\",\"@id\":\"https:\/\/www.ceoforlifeawards.com\/it\/privacy-policy\/#breadcrumb\",\"itemListElement\":[{\"@type\":\"ListItem\",\"position\":1,\"name\":\"Home\",\"item\":\"https:\/\/www.ceoforlifeawards.com\/it\/\"},{\"@type\":\"ListItem\",\"position\":2,\"name\":\"Privacy Policy\"}]}]}<\/script>\n<!-- \/ Yoast SEO plugin. -->","yoast_head_json":{"title":"Privacy Policy - CEOforLIFE - IT","robots":{"index":"index","follow":"follow","max-snippet":"max-snippet:-1","max-image-preview":"max-image-preview:large","max-video-preview":"max-video-preview:-1"},"canonical":"https:\/\/www.ceoforlifeawards.com\/it\/privacy-policy\/","og_locale":"it_IT","og_type":"article","og_title":"Privacy Policy - CEOforLIFE - IT","og_description":"Titolare del trattamento I Suoi dati saranno trattati, in qualit\u00e0 di Titolare del trattamento da: GFA GENERAL MANAGEMENT S.R.L., con sede legale in MILANO (MI) VIALE SABOTINO 19\/2 CAP 20135 Numero REA MI \u2013 2584908 Codice fiscale e n.iscr. al Registro Imprese 11182700960 in persona del Legale Rappresentante p.t. (di seguito per brevit\u00e0 GFA), ai [&hellip;]","og_url":"https:\/\/www.ceoforlifeawards.com\/it\/privacy-policy\/","og_site_name":"CEOforLIFE - IT","article_modified_time":"2025-03-25T10:14:34+00:00","twitter_card":"summary_large_image","twitter_misc":{"Tempo di lettura stimato":"7 minuti"},"schema":{"@context":"https:\/\/schema.org","@graph":[{"@type":"WebSite","@id":"https:\/\/www.ceoforlifeawards.com\/it\/#website","url":"https:\/\/www.ceoforlifeawards.com\/it\/","name":"CEOforLIFE - IT","description":"","potentialAction":[{"@type":"SearchAction","target":{"@type":"EntryPoint","urlTemplate":"https:\/\/www.ceoforlifeawards.com\/it\/?s={search_term_string}"},"query-input":"required name=search_term_string"}],"inLanguage":"it-IT"},{"@type":"WebPage","@id":"https:\/\/www.ceoforlifeawards.com\/it\/privacy-policy\/#webpage","url":"https:\/\/www.ceoforlifeawards.com\/it\/privacy-policy\/","name":"Privacy Policy - CEOforLIFE - IT","isPartOf":{"@id":"https:\/\/www.ceoforlifeawards.com\/it\/#website"},"datePublished":"2021-08-31T15:04:18+00:00","dateModified":"2025-03-25T10:14:34+00:00","breadcrumb":{"@id":"https:\/\/www.ceoforlifeawards.com\/it\/privacy-policy\/#breadcrumb"},"inLanguage":"it-IT","potentialAction":[{"@type":"ReadAction","target":["https:\/\/www.ceoforlifeawards.com\/it\/privacy-policy\/"]}]},{"@type":"BreadcrumbList","@id":"https:\/\/www.ceoforlifeawards.com\/it\/privacy-policy\/#breadcrumb","itemListElement":[{"@type":"ListItem","position":1,"name":"Home","item":"https:\/\/www.ceoforlifeawards.com\/it\/"},{"@type":"ListItem","position":2,"name":"Privacy Policy"}]}]}},"_links":{"self":[{"href":"https:\/\/www.ceoforlifeawards.com\/it\/wp-json\/wp\/v2\/pages\/3"}],"collection":[{"href":"https:\/\/www.ceoforlifeawards.com\/it\/wp-json\/wp\/v2\/pages"}],"about":[{"href":"https:\/\/www.ceoforlifeawards.com\/it\/wp-json\/wp\/v2\/types\/page"}],"author":[{"embeddable":true,"href":"https:\/\/www.ceoforlifeawards.com\/it\/wp-json\/wp\/v2\/users\/1"}],"replies":[{"embeddable":true,"href":"https:\/\/www.ceoforlifeawards.com\/it\/wp-json\/wp\/v2\/comments?post=3"}],"version-history":[{"count":3,"href":"https:\/\/www.ceoforlifeawards.com\/it\/wp-json\/wp\/v2\/pages\/3\/revisions"}],"predecessor-version":[{"id":55660,"href":"https:\/\/www.ceoforlifeawards.com\/it\/wp-json\/wp\/v2\/pages\/3\/revisions\/55660"}],"wp:attachment":[{"href":"https:\/\/www.ceoforlifeawards.com\/it\/wp-json\/wp\/v2\/media?parent=3"}],"curies":[{"name":"wp","href":"https:\/\/api.w.org\/{rel}","templated":true}]}}